{"id":434,"date":"2019-11-18T05:53:35","date_gmt":"2019-11-18T05:53:35","guid":{"rendered":"http:\/\/unico-osteria.cz\/unicoosteria\/?page_id=434"},"modified":"2019-11-24T09:29:34","modified_gmt":"2019-11-24T09:29:34","slug":"davide-lagomarsino","status":"publish","type":"page","link":"https:\/\/unico-osteria.cz\/unicoosteria\/davide-lagomarsino\/","title":{"rendered":"Davide Lagomarsino"},"content":{"rendered":"\t\t<div data-elementor-type=\"wp-page\" data-elementor-id=\"434\" class=\"elementor elementor-434\">\n\t\t\t\t\t\t<section class=\"elementor-section elementor-top-section elementor-element elementor-element-391984c elementor-section-boxed elementor-section-height-default elementor-section-height-default\" data-id=\"391984c\" data-element_type=\"section\" data-e-type=\"section\" data-settings=\"{&quot;background_background&quot;:&quot;classic&quot;}\">\n\t\t\t\t\t\t\t<div class=\"elementor-background-overlay\"><\/div>\n\t\t\t\t\t\t\t<div class=\"elementor-container elementor-column-gap-default\">\n\t\t\t\t\t<div class=\"elementor-column elementor-col-100 elementor-top-column elementor-element elementor-element-0675a66\" data-id=\"0675a66\" data-element_type=\"column\" data-e-type=\"column\">\n\t\t\t<div class=\"elementor-widget-wrap elementor-element-populated\">\n\t\t\t\t\t\t<div class=\"elementor-element elementor-element-6544f7af elementor-hidden-tablet elementor-hidden-phone elementor-widget elementor-widget-html\" data-id=\"6544f7af\" data-element_type=\"widget\" data-e-type=\"widget\" data-widget_type=\"html.default\">\n\t\t\t\t<div class=\"elementor-widget-container\">\n\t\t\t\t\t<style>\r\n  body{\r\n\r\n  }\r\n\r\n\r\nli {display:inline-block;\r\n    color: white;\r\n    margin-right: 20px;\r\n\r\n\r\n}\r\n\r\nli>a{\r\n    color:white;\r\n    \r\n}\r\nul{\r\n  float:right;\r\n}\r\n\r\n#menucontainer{\r\n    display: inline-block;\r\n    width:100%;\r\n}\r\n\r\n#menulogo{\r\n\r\n\r\n        display: inline-block;\r\n\r\n}\r\n#menulinks{\r\n    width: 50%;\r\n        display: inline-block;\r\n        float:right;\r\n        height:100px;\r\n        padding-top:50px;\r\n\r\n}\r\n#logounico{\r\n  height:50px\r\n}\r\n\r\n\r\n\r\n\r\n<\/style>\r\n<div id=\"menucontainer\">\r\n<div id=\"menulogo\">\r\n\r\n    <img decoding=\"async\" src=\"http:\/\/unico-osteria.cz\/unicoosteria\/wp-content\/uploads\/2019\/10\/logo-web-simple.png\" alt=\"Smiley face\" id=\"logounico\">\r\n\r\n<\/div>\r\n\r\n<div id=\"menulinks\">\r\n    <ul>\r\n        <li>\r\n            <a href=\"http:\/\/unico-osteria.cz\/unicoosteria\/menu-2\/\">Menu<\/a>\r\n        <\/li>\r\n        <li>\r\n           <a href=\"http:\/\/unico-osteria.cz\/unicoosteria\/about\/\">About<\/a>\r\n        <\/li>\r\n        <li>\r\n          <a href=\"http:\/\/unico-osteria.cz\/unicoosteria\/davide-lagomarsino\/\">Davide Lagomarsino<\/a>\r\n        <\/li>\r\n        <li>\r\n          <a href=\"http:\/\/unico-osteria.cz\/unicoosteria\/contact\/#\" > Contact<\/a>\r\n        <\/li>\r\n    <\/ul>\r\n\r\n<\/div>\r\n\r\n<\/div>\r\n\t\t\t\t<\/div>\n\t\t\t\t<\/div>\n\t\t\t\t<div class=\"elementor-element elementor-element-29569d0f elementor-hidden-desktop elementor-widget elementor-widget-html\" data-id=\"29569d0f\" data-element_type=\"widget\" data-e-type=\"widget\" data-widget_type=\"html.default\">\n\t\t\t\t<div class=\"elementor-widget-container\">\n\t\t\t\t\t\r\n<!DOCTYPE html>\r\n<html>\r\n<head>\r\n<meta name=\"viewport\" content=\"width=device-width, initial-scale=1\">\r\n<link rel=\"stylesheet\" href=\"https:\/\/cdnjs.cloudflare.com\/ajax\/libs\/font-awesome\/4.7.0\/css\/font-awesome.min.css\">\r\n<style>\r\nbody {\r\n \r\n}\r\n\r\n#logo{\r\n    width:100%;\r\n}\r\n.mobile-container {\r\n  max-width: 480px;\r\n  margin: auto;\r\n  background-color:transparent;\r\n  height: 500px;\r\n  color: white;\r\n  border-radius: 10px;\r\n}\r\n\r\n.topnav {\r\n  overflow: hidden;\r\n  position: relative;\r\n}\r\n\r\n.topnav #myLinks {\r\n  display: none;\r\n}\r\n\r\n.topnav a {\r\n  color: white;\r\n  padding: 14px 16px;\r\n  text-decoration: none;\r\n  font-size: 17px;\r\n  display: block;\r\n}\r\n\r\n.topnav a.icon {\r\n  background: transparent;\r\n  display: block;\r\n  position: absolute;\r\n  right: 0;\r\n  top: 15px;\r\n}\r\n\r\n.topnav a:hover {\r\n  background-color: transparent;\r\n  color: black;\r\n}\r\n\r\n.active {\r\n  background-color: transparent;\r\n  color: white;\r\n}\r\n<\/style>\r\n<\/head>\r\n<body>\r\n\r\n\r\n\r\n<!-- Top Navigation Menu -->\r\n<div class=\"topnav\">\r\n  <a href=\"http:\/\/unico-osteria.cz\" id=\"logo\" class=\"active\">    <img decoding=\"async\" src=\"http:\/\/unico-osteria.cz\/unicoosteria\/wp-content\/uploads\/2019\/10\/logo-web-simple.png\" alt=\"Smiley face\" id=\"logounico\"><\/a>\r\n  <div id=\"myLinks\">\r\n    <a href=\"http:\/\/unico-osteria.cz\/unicoosteria\/menu-2\/\">Menu<\/a>\r\n    <a href=\"http:\/\/unico-osteria.cz\/unicoosteria\/about\/\">About<\/a>\r\n    <a href=\"http:\/\/unico-osteria.cz\/unicoosteria\/davide-lagomarsino\/\">Davide Lagomarsino<\/a>\r\n    <a href=\"http:\/\/unico-osteria.cz\/unicoosteria\/contact\/\">Contact<\/a>\r\n  <\/div>\r\n  <a href=\"javascript:void(0);\" class=\"icon\" onclick=\"myFunction()\">\r\n    <i class=\"fa fa-bars\"><\/i>\r\n  <\/a>\r\n<\/div>\r\n\r\n<div style=\"padding-left:16px\">\r\n  \r\n<\/div>\r\n\r\n\r\n\r\n<script>\r\nfunction myFunction() {\r\n  var x = document.getElementById(\"myLinks\");\r\n  if (x.style.display === \"block\") {\r\n    x.style.display = \"none\";\r\n  } else {\r\n    x.style.display = \"block\";\r\n  }\r\n}\r\n<\/script>\r\n\r\n<\/body>\r\n<\/html>\r\n\r\n\t\t\t\t<\/div>\n\t\t\t\t<\/div>\n\t\t\t\t<div class=\"elementor-element elementor-element-42e3d56 elementor-widget elementor-widget-text-editor\" data-id=\"42e3d56\" data-element_type=\"widget\" data-e-type=\"widget\" data-widget_type=\"text-editor.default\">\n\t\t\t\t<div class=\"elementor-widget-container\">\n\t\t\t\t\t\t\t\t\t<p style=\"text-align: center;\">Davide Lagomarsino<\/p>\t\t\t\t\t\t\t\t<\/div>\n\t\t\t\t<\/div>\n\t\t\t\t\t<\/div>\n\t\t<\/div>\n\t\t\t\t\t<\/div>\n\t\t<\/section>\n\t\t\t\t<section class=\"elementor-section elementor-top-section elementor-element elementor-element-5a41ca9 elementor-section-boxed elementor-section-height-default elementor-section-height-default\" data-id=\"5a41ca9\" data-element_type=\"section\" data-e-type=\"section\">\n\t\t\t\t\t\t<div class=\"elementor-container elementor-column-gap-default\">\n\t\t\t\t\t<div class=\"elementor-column elementor-col-50 elementor-top-column elementor-element elementor-element-97d40e1\" data-id=\"97d40e1\" data-element_type=\"column\" data-e-type=\"column\">\n\t\t\t<div class=\"elementor-widget-wrap elementor-element-populated\">\n\t\t\t\t\t\t<section class=\"elementor-section elementor-inner-section elementor-element elementor-element-ceb9422 elementor-section-boxed elementor-section-height-default elementor-section-height-default\" data-id=\"ceb9422\" data-element_type=\"section\" data-e-type=\"section\">\n\t\t\t\t\t\t<div class=\"elementor-container elementor-column-gap-default\">\n\t\t\t\t\t<div class=\"elementor-column elementor-col-100 elementor-inner-column elementor-element elementor-element-81c9388\" data-id=\"81c9388\" data-element_type=\"column\" data-e-type=\"column\">\n\t\t\t<div class=\"elementor-widget-wrap elementor-element-populated\">\n\t\t\t\t\t\t<div class=\"elementor-element elementor-element-d1cc40b elementor-widget elementor-widget-text-editor\" data-id=\"d1cc40b\" data-element_type=\"widget\" data-e-type=\"widget\" data-widget_type=\"text-editor.default\">\n\t\t\t\t<div class=\"elementor-widget-container\">\n\t\t\t\t\t\t\t\t\t<p><strong>Davide Lagomarsino<\/strong><\/p><p>Head Chef Davide Lagomarsino philosophy depends on blending the traditions and flavors of his North Italian upbringing and cuisine with the modern techniques and contemporary simplicity of European and Asian cuisine that allow his food to exude their freshness and allow his diners clarity in what they eat.<\/p><p>Born in Liguria, Italy, Chef Davide, travelled around the world, learning various cuisines, from his natural Italian, to Spanish, French, English and eventually settling for over 15 years in Sydney, Australia, where he opened his acclaimed restaurant Zeffirelli. He was also invited to join the Australian cooking programme \u201cMy Restaurant rules\u201d. In 2016, he settled with his wife, Karol\u00edna in Horom\u011b\u0159ice, where he opened his trattoria UNICO. Relying on these calm surroundings, he is able to concentrate and incorporate his diverse culinary experiences into synthesized, inventive, unexpected and ever fresh dishes.<\/p>\t\t\t\t\t\t\t\t<\/div>\n\t\t\t\t<\/div>\n\t\t\t\t\t<\/div>\n\t\t<\/div>\n\t\t\t\t\t<\/div>\n\t\t<\/section>\n\t\t\t\t\t<\/div>\n\t\t<\/div>\n\t\t\t\t<div class=\"elementor-column elementor-col-50 elementor-top-column elementor-element elementor-element-872fa1b\" data-id=\"872fa1b\" data-element_type=\"column\" data-e-type=\"column\">\n\t\t\t<div class=\"elementor-widget-wrap elementor-element-populated\">\n\t\t\t\t\t\t<div class=\"elementor-element elementor-element-dad3ff1 elementor-widget elementor-widget-image\" data-id=\"dad3ff1\" data-element_type=\"widget\" data-e-type=\"widget\" data-widget_type=\"image.default\">\n\t\t\t\t<div class=\"elementor-widget-container\">\n\t\t\t\t\t\t\t\t\t\t\t\t\t\t\t<img fetchpriority=\"high\" decoding=\"async\" width=\"697\" height=\"1024\" src=\"https:\/\/unico-osteria.cz\/unicoosteria\/wp-content\/uploads\/2019\/11\/Unico-Osteria-9-cropped2-697x1024.jpg\" class=\"attachment-large size-large wp-image-439\" alt=\"\" srcset=\"https:\/\/unico-osteria.cz\/unicoosteria\/wp-content\/uploads\/2019\/11\/Unico-Osteria-9-cropped2-697x1024.jpg 697w, https:\/\/unico-osteria.cz\/unicoosteria\/wp-content\/uploads\/2019\/11\/Unico-Osteria-9-cropped2-204x300.jpg 204w, https:\/\/unico-osteria.cz\/unicoosteria\/wp-content\/uploads\/2019\/11\/Unico-Osteria-9-cropped2-768x1128.jpg 768w, https:\/\/unico-osteria.cz\/unicoosteria\/wp-content\/uploads\/2019\/11\/Unico-Osteria-9-cropped2.jpg 1803w\" sizes=\"(max-width: 697px) 100vw, 697px\" \/>\t\t\t\t\t\t\t\t\t\t\t\t\t\t\t<\/div>\n\t\t\t\t<\/div>\n\t\t\t\t\t<\/div>\n\t\t<\/div>\n\t\t\t\t\t<\/div>\n\t\t<\/section>\n\t\t\t\t<section class=\"elementor-section elementor-top-section elementor-element elementor-element-95666e7 elementor-section-boxed elementor-section-height-default elementor-section-height-default\" data-id=\"95666e7\" data-element_type=\"section\" data-e-type=\"section\">\n\t\t\t\t\t\t<div class=\"elementor-container elementor-column-gap-default\">\n\t\t\t\t\t<div class=\"elementor-column elementor-col-100 elementor-top-column elementor-element elementor-element-b1e0c1c\" data-id=\"b1e0c1c\" data-element_type=\"column\" data-e-type=\"column\">\n\t\t\t<div class=\"elementor-widget-wrap\">\n\t\t\t\t\t\t\t<\/div>\n\t\t<\/div>\n\t\t\t\t\t<\/div>\n\t\t<\/section>\n\t\t\t\t<section class=\"elementor-section elementor-top-section elementor-element elementor-element-67c2ea19 elementor-section-stretched elementor-section-full_width elementor-section-content-middle elementor-section-height-default elementor-section-height-default\" data-id=\"67c2ea19\" data-element_type=\"section\" data-e-type=\"section\" data-settings=\"{&quot;stretch_section&quot;:&quot;section-stretched&quot;,&quot;background_background&quot;:&quot;classic&quot;}\">\n\t\t\t\t\t\t\t<div class=\"elementor-background-overlay\"><\/div>\n\t\t\t\t\t\t\t<div class=\"elementor-container elementor-column-gap-wider\">\n\t\t\t\t\t<div class=\"elementor-column elementor-col-100 elementor-top-column elementor-element elementor-element-2459bb04\" data-id=\"2459bb04\" data-element_type=\"column\" data-e-type=\"column\">\n\t\t\t<div class=\"elementor-widget-wrap elementor-element-populated\">\n\t\t\t\t\t\t<section class=\"elementor-section elementor-inner-section elementor-element elementor-element-7a5e3466 elementor-section-boxed elementor-section-height-default elementor-section-height-default\" data-id=\"7a5e3466\" data-element_type=\"section\" data-e-type=\"section\">\n\t\t\t\t\t\t<div class=\"elementor-container elementor-column-gap-default\">\n\t\t\t\t\t<div class=\"elementor-column elementor-col-50 elementor-inner-column elementor-element elementor-element-1b77fe7f\" data-id=\"1b77fe7f\" data-element_type=\"column\" data-e-type=\"column\">\n\t\t\t<div class=\"elementor-widget-wrap elementor-element-populated\">\n\t\t\t\t\t\t<div class=\"elementor-element elementor-element-700a5db9 elementor-widget elementor-widget-image\" data-id=\"700a5db9\" data-element_type=\"widget\" data-e-type=\"widget\" data-widget_type=\"image.default\">\n\t\t\t\t<div class=\"elementor-widget-container\">\n\t\t\t\t\t\t\t\t\t\t\t\t\t\t\t<img decoding=\"async\" src=\"https:\/\/unico-osteria.cz\/unicoosteria\/wp-content\/uploads\/elementor\/thumbs\/logo-1-oeygl50or6ikxph21z3m0nmyg8a1z5ngj88l3kqsjs.png\" title=\"logo\" alt=\"logo\" loading=\"lazy\" \/>\t\t\t\t\t\t\t\t\t\t\t\t\t\t\t<\/div>\n\t\t\t\t<\/div>\n\t\t\t\t<div class=\"elementor-element elementor-element-4b73a164 elementor-widget elementor-widget-text-editor\" data-id=\"4b73a164\" data-element_type=\"widget\" data-e-type=\"widget\" data-widget_type=\"text-editor.default\">\n\t\t\t\t<div class=\"elementor-widget-container\">\n\t\t\t\t\t\t\t\t\t<p><strong>Unico Osteria e Caffe s.r.o.<\/strong><\/p><p><strong>Addres: Velvarsk\u00e1 411, 252 62 Horom\u011b\u0159ice<\/strong><br \/><strong>Tel: +420 220 511 600<\/strong><br \/><strong>Hours of Operation:<\/strong><br \/><strong>Tuesday &#8211; Saturdat 11 am to 11 pm<\/strong><\/p>\t\t\t\t\t\t\t\t<\/div>\n\t\t\t\t<\/div>\n\t\t\t\t<div class=\"elementor-element elementor-element-50e12ac1 elementor-shape-circle e-grid-align-left elementor-grid-0 elementor-widget elementor-widget-social-icons\" data-id=\"50e12ac1\" data-element_type=\"widget\" data-e-type=\"widget\" data-widget_type=\"social-icons.default\">\n\t\t\t\t<div class=\"elementor-widget-container\">\n\t\t\t\t\t\t\t<div class=\"elementor-social-icons-wrapper elementor-grid\" role=\"list\">\n\t\t\t\t\t\t\t<span class=\"elementor-grid-item\" role=\"listitem\">\n\t\t\t\t\t<a class=\"elementor-icon elementor-social-icon elementor-social-icon-facebook elementor-repeater-item-b3383f5\" target=\"_blank\">\n\t\t\t\t\t\t<span class=\"elementor-screen-only\">Facebook<\/span>\n\t\t\t\t\t\t<i aria-hidden=\"true\" class=\"fab fa-facebook\"><\/i>\t\t\t\t\t<\/a>\n\t\t\t\t<\/span>\n\t\t\t\t\t\t\t<span class=\"elementor-grid-item\" role=\"listitem\">\n\t\t\t\t\t<a class=\"elementor-icon elementor-social-icon elementor-social-icon-instagram elementor-repeater-item-f7efa34\" target=\"_blank\">\n\t\t\t\t\t\t<span class=\"elementor-screen-only\">Instagram<\/span>\n\t\t\t\t\t\t<i aria-hidden=\"true\" class=\"fab fa-instagram\"><\/i>\t\t\t\t\t<\/a>\n\t\t\t\t<\/span>\n\t\t\t\t\t\t\t<span class=\"elementor-grid-item\" role=\"listitem\">\n\t\t\t\t\t<a class=\"elementor-icon elementor-social-icon elementor-social-icon-envelope elementor-repeater-item-aabce5d\" target=\"_blank\">\n\t\t\t\t\t\t<span class=\"elementor-screen-only\">Envelope<\/span>\n\t\t\t\t\t\t<i aria-hidden=\"true\" class=\"fas fa-envelope\"><\/i>\t\t\t\t\t<\/a>\n\t\t\t\t<\/span>\n\t\t\t\t\t<\/div>\n\t\t\t\t\t\t<\/div>\n\t\t\t\t<\/div>\n\t\t\t\t\t<\/div>\n\t\t<\/div>\n\t\t\t\t<div class=\"elementor-column elementor-col-50 elementor-inner-column elementor-element elementor-element-743ad622\" data-id=\"743ad622\" data-element_type=\"column\" data-e-type=\"column\">\n\t\t\t<div class=\"elementor-widget-wrap elementor-element-populated\">\n\t\t\t\t\t\t<div class=\"elementor-element elementor-element-4858e713 elementor-widget elementor-widget-html\" data-id=\"4858e713\" data-element_type=\"widget\" data-e-type=\"widget\" data-widget_type=\"html.default\">\n\t\t\t\t<div class=\"elementor-widget-container\">\n\t\t\t\t\t\t\t<div id=\"sbi_mod_error\" >\n\t\t\t<span>This error message is only visible to WordPress admins<\/span><br\/>\n\t\t\t<p><strong>Error: No feed found.<\/strong>\n\t\t\t<p>Please go to the Instagram Feed settings page to create a feed.<\/p>\n\t\t<\/div>\n\t\t\t\t\t\t<\/div>\n\t\t\t\t<\/div>\n\t\t\t\t\t<\/div>\n\t\t<\/div>\n\t\t\t\t\t<\/div>\n\t\t<\/section>\n\t\t\t\t\t<\/div>\n\t\t<\/div>\n\t\t\t\t\t<\/div>\n\t\t<\/section>\n\t\t\t\t<\/div>\n\t\t","protected":false},"excerpt":{"rendered":"<p>Menu About Davide Lagomarsino Contact Menu About Davide Lagomarsino Contact Davide Lagomarsino Davide Lagomarsino Head Chef Davide Lagomarsino philosophy depends on blending the traditions and flavors of his North Italian upbringing and cuisine with the modern techniques and contemporary simplicity of European and Asian cuisine that allow his food to exude their freshness and allow [&hellip;]<\/p>\n","protected":false},"author":3,"featured_media":0,"parent":0,"menu_order":0,"comment_status":"closed","ping_status":"closed","template":"elementor_canvas","meta":{"zakra_page_container_layout":"customizer","zakra_page_sidebar_layout":"customizer","zakra_remove_content_margin":false,"zakra_sidebar":"customizer","zakra_transparent_header":"customizer","zakra_logo":0,"zakra_main_header_style":"default","zakra_menu_item_color":"","zakra_menu_item_hover_color":"","zakra_menu_item_active_color":"","zakra_menu_active_style":"","zakra_page_header":true,"footnotes":""},"class_list":["post-434","page","type-page","status-publish","hentry"],"_links":{"self":[{"href":"https:\/\/unico-osteria.cz\/unicoosteria\/wp-json\/wp\/v2\/pages\/434","targetHints":{"allow":["GET"]}}],"collection":[{"href":"https:\/\/unico-osteria.cz\/unicoosteria\/wp-json\/wp\/v2\/pages"}],"about":[{"href":"https:\/\/unico-osteria.cz\/unicoosteria\/wp-json\/wp\/v2\/types\/page"}],"author":[{"embeddable":true,"href":"https:\/\/unico-osteria.cz\/unicoosteria\/wp-json\/wp\/v2\/users\/3"}],"replies":[{"embeddable":true,"href":"https:\/\/unico-osteria.cz\/unicoosteria\/wp-json\/wp\/v2\/comments?post=434"}],"version-history":[{"count":10,"href":"https:\/\/unico-osteria.cz\/unicoosteria\/wp-json\/wp\/v2\/pages\/434\/revisions"}],"predecessor-version":[{"id":567,"href":"https:\/\/unico-osteria.cz\/unicoosteria\/wp-json\/wp\/v2\/pages\/434\/revisions\/567"}],"wp:attachment":[{"href":"https:\/\/unico-osteria.cz\/unicoosteria\/wp-json\/wp\/v2\/media?parent=434"}],"curies":[{"name":"wp","href":"https:\/\/api.w.org\/{rel}","templated":true}]}}